{"id":8762,"date":"2023-06-27T10:28:37","date_gmt":"2023-06-27T10:28:37","guid":{"rendered":"https:\/\/gold-seal-136290.hostingersite.com\/about-copy\/"},"modified":"2023-06-27T16:35:44","modified_gmt":"2023-06-27T16:35:44","slug":"overseas-branch","status":"publish","type":"page","link":"https:\/\/neosolars.net\/it\/overseas-branch\/","title":{"rendered":"Filiale d&#039;oltremare"},"content":{"rendered":"<div data-elementor-type=\"wp-page\" data-elementor-id=\"8762\" class=\"elementor elementor-8762\" data-elementor-post-type=\"page\">\n\t\t\t\t\t\t<section class=\"elementor-section elementor-top-section elementor-element elementor-element-21945d57 elementor-section-height-min-height elementor-section-boxed elementor-section-height-default elementor-section-items-middle\" data-id=\"21945d57\" data-element_type=\"section\" data-settings=\"{&quot;background_background&quot;:&quot;classic&quot;}\">\n\t\t\t\t\t\t<div class=\"elementor-container elementor-column-gap-default\">\n\t\t\t\t\t<div class=\"elementor-column elementor-col-100 elementor-top-column elementor-element elementor-element-4dd80c70\" data-id=\"4dd80c70\" data-element_type=\"column\">\n\t\t\t<div class=\"elementor-widget-wrap elementor-element-populated\">\n\t\t\t\t\t\t<div class=\"elementor-element elementor-element-57c1c00 elementor-widget elementor-widget-text-editor\" data-id=\"57c1c00\" data-element_type=\"widget\" data-widget_type=\"text-editor.default\">\n\t\t\t\t<div class=\"elementor-widget-container\">\n\t\t\t\t\t\t\t\t\t<p>Filiale d&#039;oltremare<\/p>\t\t\t\t\t\t\t\t<\/div>\n\t\t\t\t<\/div>\n\t\t\t\t<div class=\"elementor-element elementor-element-7651676d elementor-widget elementor-widget-heading\" data-id=\"7651676d\" data-element_type=\"widget\" data-widget_type=\"heading.default\">\n\t\t\t\t<div class=\"elementor-widget-container\">\n\t\t\t\t\t<h1 class=\"elementor-heading-title elementor-size-default\">Europa<\/h1>\t\t\t\t<\/div>\n\t\t\t\t<\/div>\n\t\t\t\t\t<\/div>\n\t\t<\/div>\n\t\t\t\t\t<\/div>\n\t\t<\/section>\n\t\t\t\t<section class=\"elementor-section elementor-top-section elementor-element elementor-element-b23ae59 elementor-section-boxed elementor-section-height-default elementor-section-height-default\" data-id=\"b23ae59\" data-element_type=\"section\">\n\t\t\t\t\t\t<div class=\"elementor-container elementor-column-gap-default\">\n\t\t\t\t\t<div class=\"elementor-column elementor-col-100 elementor-top-column elementor-element elementor-element-deff04d\" data-id=\"deff04d\" data-element_type=\"column\">\n\t\t\t<div class=\"elementor-widget-wrap elementor-element-populated\">\n\t\t\t\t\t\t<div class=\"elementor-element elementor-element-e0c087a elementor-widget elementor-widget-gallery\" data-id=\"e0c087a\" data-element_type=\"widget\" data-settings=\"{&quot;columns&quot;:2,&quot;image_hover_animation&quot;:&quot;shrink-contained&quot;,&quot;content_sequenced_animation&quot;:&quot;yes&quot;,&quot;lazyload&quot;:&quot;yes&quot;,&quot;gallery_layout&quot;:&quot;grid&quot;,&quot;columns_tablet&quot;:2,&quot;columns_mobile&quot;:1,&quot;gap&quot;:{&quot;unit&quot;:&quot;px&quot;,&quot;size&quot;:10,&quot;sizes&quot;:[]},&quot;gap_tablet&quot;:{&quot;unit&quot;:&quot;px&quot;,&quot;size&quot;:10,&quot;sizes&quot;:[]},&quot;gap_mobile&quot;:{&quot;unit&quot;:&quot;px&quot;,&quot;size&quot;:10,&quot;sizes&quot;:[]},&quot;aspect_ratio&quot;:&quot;3:2&quot;,&quot;overlay_background&quot;:&quot;yes&quot;,&quot;content_hover_animation&quot;:&quot;fade-in&quot;}\" data-widget_type=\"gallery.default\">\n\t\t\t\t<div class=\"elementor-widget-container\">\n\t\t\t\t\t\t\t<div class=\"elementor-gallery__container\">\n\t\t\t\t\t\t\t<div class=\"e-gallery-item elementor-gallery-item elementor-animated-content\">\n\t\t\t\t\t<div class=\"e-gallery-image elementor-gallery-item__image\" data-thumbnail=\"https:\/\/neosolars.net\/wp-content\/uploads\/2023\/06\/Slovakia-100KW-on-grid-7-1024x461.jpg\" data-width=\"1024\" data-height=\"461\" aria-label=\"Slovacchia 100KW in rete\" role=\"img\" ><\/div>\n\t\t\t\t\t\t\t\t\t\t\t<div class=\"elementor-gallery-item__overlay\"><\/div>\n\t\t\t\t\t\t\t\t\t\t\t\t\t\t<\/div>\n\t\t\t\t\t\t\t<div class=\"e-gallery-item elementor-gallery-item elementor-animated-content\">\n\t\t\t\t\t<div class=\"e-gallery-image elementor-gallery-item__image\" data-thumbnail=\"https:\/\/neosolars.net\/wp-content\/uploads\/2023\/06\/Slovakia-100KW-on-grid-3-1024x461.jpg\" data-width=\"1024\" data-height=\"461\" aria-label=\"Slovacchia 100KW in rete\" role=\"img\" ><\/div>\n\t\t\t\t\t\t\t\t\t\t\t<div class=\"elementor-gallery-item__overlay\"><\/div>\n\t\t\t\t\t\t\t\t\t\t\t\t\t\t<\/div>\n\t\t\t\t\t\t\t<div class=\"e-gallery-item elementor-gallery-item elementor-animated-content\">\n\t\t\t\t\t<div class=\"e-gallery-image elementor-gallery-item__image\" data-thumbnail=\"https:\/\/neosolars.net\/wp-content\/uploads\/2023\/06\/Slovakia-100KW-on-grid-2-1024x461.jpg\" data-width=\"1024\" data-height=\"461\" aria-label=\"Slovacchia 100KW in rete\" role=\"img\" ><\/div>\n\t\t\t\t\t\t\t\t\t\t\t<div class=\"elementor-gallery-item__overlay\"><\/div>\n\t\t\t\t\t\t\t\t\t\t\t\t\t\t<\/div>\n\t\t\t\t\t\t\t<div class=\"e-gallery-item elementor-gallery-item elementor-animated-content\">\n\t\t\t\t\t<div class=\"e-gallery-image elementor-gallery-item__image\" data-thumbnail=\"https:\/\/neosolars.net\/wp-content\/uploads\/2023\/06\/Slovakia-100KW-on-grid-1-1024x461.jpg\" data-width=\"1024\" data-height=\"461\" aria-label=\"Slovacchia 100KW in rete\" role=\"img\" ><\/div>\n\t\t\t\t\t\t\t\t\t\t\t<div class=\"elementor-gallery-item__overlay\"><\/div>\n\t\t\t\t\t\t\t\t\t\t\t\t\t\t<\/div>\n\t\t\t\t\t\t\t<div class=\"e-gallery-item elementor-gallery-item elementor-animated-content\">\n\t\t\t\t\t<div class=\"e-gallery-image elementor-gallery-item__image\" data-thumbnail=\"https:\/\/neosolars.net\/wp-content\/uploads\/2023\/06\/37-1024x768.png\" data-width=\"1024\" data-height=\"768\" aria-label=\"\" role=\"img\" ><\/div>\n\t\t\t\t\t\t\t\t\t\t\t<div class=\"elementor-gallery-item__overlay\"><\/div>\n\t\t\t\t\t\t\t\t\t\t\t\t\t\t<\/div>\n\t\t\t\t\t\t\t<div class=\"e-gallery-item elementor-gallery-item elementor-animated-content\">\n\t\t\t\t\t<div class=\"e-gallery-image elementor-gallery-item__image\" data-thumbnail=\"https:\/\/neosolars.net\/wp-content\/uploads\/2023\/06\/41.png\" data-width=\"949\" data-height=\"534\" aria-label=\"\" role=\"img\" ><\/div>\n\t\t\t\t\t\t\t\t\t\t\t<div class=\"elementor-gallery-item__overlay\"><\/div>\n\t\t\t\t\t\t\t\t\t\t\t\t\t\t<\/div>\n\t\t\t\t\t<\/div>\n\t\t\t\t\t<\/div>\n\t\t\t\t<\/div>\n\t\t\t\t<div class=\"elementor-element elementor-element-11adcba elementor-widget elementor-widget-text-editor\" data-id=\"11adcba\" data-element_type=\"widget\" data-widget_type=\"text-editor.default\">\n\t\t\t\t<div class=\"elementor-widget-container\">\n\t\t\t\t\t\t\t\t\t<p><span style=\"color: #000000;\">In Neo-Solars, crediamo che l&#039;energia verde e sostenibile sia sia una necessit\u00e0 per il nostro pianeta che il futuro dell&#039;umanit\u00e0. Il nostro obiettivo \u00e8 fornire prodotti affidabili e convenienti per l&#039;industria solare. Ci sforziamo di procurarci e fornire solo prodotti di qualit\u00e0.<\/span><\/p><p><span style=\"color: #000000;\">Il nostro magazzino di 2000 metri quadrati ci consente di mantenere ampi livelli di scorte e ci consente di distribuire in modo efficiente la nostra offerta di prodotti solari.<\/span><\/p><p>\u00a0<\/p><p><strong><span style=\"color: #000000;\">Offriamo i seguenti servizi ai nostri clienti:<\/span><\/strong><\/p><p><span style=\"color: #000000;\">\u2022 Prodotti di qualit\u00e0 a distributori e installatori<\/span><br \/><span style=\"color: #000000;\">\u2022 Assistenza tecnica da parte di personale qualificato e competente<\/span><br \/><span style=\"color: #000000;\">\u2022 Installazioni solari di qualit\u00e0 da parte di installatori solari qualificati<\/span><\/p><p>\u00a0<\/p><p><strong><span style=\"color: #000000;\">Alcuni dei nostri prodotti in offerta, sono i seguenti:<\/span><\/strong><\/p><p><span style=\"color: #000000;\">\u2022 Pannelli solari<\/span><br \/><span style=\"color: #000000;\">\u2022 Inverter a energia solare<\/span><br \/><span style=\"color: #000000;\">\u2022 Batterie a energia solare<\/span><br \/><span style=\"color: #000000;\">\u2022 Accessori per l&#039;energia solare<\/span><br \/><span style=\"color: #000000;\">\u2022 Staffe di montaggio solari<\/span><br \/><span style=\"color: #000000;\">\u2022 Numerosi altri accessori per l&#039;energia solare<\/span><\/p>\t\t\t\t\t\t\t\t<\/div>\n\t\t\t\t<\/div>\n\t\t\t\t\t<\/div>\n\t\t<\/div>\n\t\t\t\t\t<\/div>\n\t\t<\/section>\n\t\t\t\t<\/div>","protected":false},"excerpt":{"rendered":"<p>Filiale estera in Europa Noi di Neo-Solars crediamo che l&#039;energia verde e sostenibile sia sia una necessit\u00e0 per il nostro pianeta che per il futuro dell&#039;umanit\u00e0. Il nostro obiettivo \u00e8 fornire prodotti affidabili e convenienti all&#039;industria solare. Ci impegniamo a procurarci e fornire solo prodotti di qualit\u00e0. Il nostro magazzino di 2000 mq permette\u2026<\/p>\n<p class=\"read-more\"> <a class=\"\" href=\"https:\/\/neosolars.net\/it\/overseas-branch\/\"> <span class=\"screen-reader-text\">Filiale d&#039;oltremare<\/span> Leggi altro \u00bb<\/a><\/p>","protected":false},"author":1,"featured_media":0,"parent":0,"menu_order":0,"comment_status":"closed","ping_status":"closed","template":"","meta":{"site-sidebar-layout":"no-sidebar","site-content-layout":"page-builder","ast-global-header-display":"","ast-banner-title-visibility":"","ast-main-header-display":"","ast-hfb-above-header-display":"","ast-hfb-below-header-display":"","ast-hfb-mobile-header-display":"","site-post-title":"disabled","ast-breadcrumbs-content":"","ast-featured-img":"disabled","footer-sml-layout":"","theme-transparent-header-meta":"enabled","adv-header-id-meta":"","stick-header-meta":"","header-above-stick-meta":"","header-main-stick-meta":"","header-below-stick-meta":"","footnotes":""},"class_list":["post-8762","page","type-page","status-publish","hentry"],"yoast_head":"<!-- This site is optimized with the Yoast SEO Premium plugin v20.11 (Yoast SEO v22.7) - https:\/\/yoast.com\/wordpress\/plugins\/seo\/ -->\n<title>Overseas Branch - Neo-solars produce and offer solar components like solar panels, deep cycle batteries, solar inverters and customized solar systems.<\/title>\n<meta name=\"description\" content=\"Explore innovative solar energy solutions including solar panels, solar systems, and microinverters. Find the perfect sustainable solution for your home or business and embrace the power of solar energy. Learn more on our website today.\" \/>\n<meta name=\"robots\" content=\"index, follow, max-snippet:-1, max-image-preview:large, max-video-preview:-1\" \/>\n<link rel=\"canonical\" href=\"http:\/\/neosolars.net\/it\/overseas-branch\/\" \/>\n<meta property=\"og:locale\" content=\"it_IT\" \/>\n<meta property=\"og:type\" content=\"article\" \/>\n<meta property=\"og:title\" content=\"Overseas Branch\" \/>\n<meta property=\"og:description\" content=\"Explore innovative solar energy solutions including solar panels, solar systems, and microinverters. Find the perfect sustainable solution for your home or business and embrace the power of solar energy. Learn more on our website today.\" \/>\n<meta property=\"og:url\" content=\"http:\/\/neosolars.net\/it\/overseas-branch\/\" \/>\n<meta property=\"og:site_name\" content=\"Neo-solars produce and offer solar components like solar panels, deep cycle batteries, solar inverters and customized solar systems.\" \/>\n<meta property=\"article:publisher\" content=\"https:\/\/facebook.com\/neosolars\" \/>\n<meta property=\"article:modified_time\" content=\"2023-06-27T16:35:44+00:00\" \/>\n<meta property=\"og:image\" content=\"https:\/\/neosolars.net\/wp-content\/uploads\/2023\/06\/NEO-solar-LOGO-2.png\" \/>\n\t<meta property=\"og:image:width\" content=\"500\" \/>\n\t<meta property=\"og:image:height\" content=\"300\" \/>\n\t<meta property=\"og:image:type\" content=\"image\/png\" \/>\n<meta name=\"twitter:card\" content=\"summary_large_image\" \/>\n<meta name=\"twitter:label1\" content=\"Tempo di lettura stimato\" \/>\n\t<meta name=\"twitter:data1\" content=\"2 minuti\" \/>\n<script type=\"application\/ld+json\" class=\"yoast-schema-graph\">{\"@context\":\"https:\/\/schema.org\",\"@graph\":[{\"@type\":\"NewsArticle\",\"@id\":\"http:\/\/neosolars.net\/overseas-branch\/#article\",\"isPartOf\":{\"@id\":\"http:\/\/neosolars.net\/overseas-branch\/\"},\"author\":{\"name\":\"neosolars\",\"@id\":\"https:\/\/neosolars.net\/#\/schema\/person\/013f8dd0c7b717a6f8478f385605a73e\"},\"headline\":\"Overseas Branch\",\"datePublished\":\"2023-06-27T10:28:37+00:00\",\"dateModified\":\"2023-06-27T16:35:44+00:00\",\"mainEntityOfPage\":{\"@id\":\"http:\/\/neosolars.net\/overseas-branch\/\"},\"wordCount\":127,\"publisher\":{\"@id\":\"https:\/\/neosolars.net\/#organization\"},\"inLanguage\":\"it-IT\"},{\"@type\":\"WebPage\",\"@id\":\"http:\/\/neosolars.net\/overseas-branch\/\",\"url\":\"http:\/\/neosolars.net\/overseas-branch\/\",\"name\":\"Overseas Branch - Neo-solars produce and offer solar components like solar panels, deep cycle batteries, solar inverters and customized solar systems.\",\"isPartOf\":{\"@id\":\"https:\/\/neosolars.net\/#website\"},\"datePublished\":\"2023-06-27T10:28:37+00:00\",\"dateModified\":\"2023-06-27T16:35:44+00:00\",\"description\":\"Explore innovative solar energy solutions including solar panels, solar systems, and microinverters. Find the perfect sustainable solution for your home or business and embrace the power of solar energy. Learn more on our website today.\",\"breadcrumb\":{\"@id\":\"http:\/\/neosolars.net\/overseas-branch\/#breadcrumb\"},\"inLanguage\":\"it-IT\",\"potentialAction\":[{\"@type\":\"ReadAction\",\"target\":[\"http:\/\/neosolars.net\/overseas-branch\/\"]}]},{\"@type\":\"BreadcrumbList\",\"@id\":\"http:\/\/neosolars.net\/overseas-branch\/#breadcrumb\",\"itemListElement\":[{\"@type\":\"ListItem\",\"position\":1,\"name\":\"Home\",\"item\":\"https:\/\/neosolars.net\/\"},{\"@type\":\"ListItem\",\"position\":2,\"name\":\"Overseas Branch\"}]},{\"@type\":\"WebSite\",\"@id\":\"https:\/\/neosolars.net\/#website\",\"url\":\"https:\/\/neosolars.net\/\",\"name\":\"NEO SOLARS CO.,LTD\",\"description\":\"Neo-solars produce and offer solar components like solar panels, deep cycle batteries, solar inverters and customized solar systems.\",\"publisher\":{\"@id\":\"https:\/\/neosolars.net\/#organization\"},\"potentialAction\":[{\"@type\":\"SearchAction\",\"target\":{\"@type\":\"EntryPoint\",\"urlTemplate\":\"https:\/\/neosolars.net\/?s={search_term_string}\"},\"query-input\":\"required name=search_term_string\"}],\"inLanguage\":\"it-IT\"},{\"@type\":\"Organization\",\"@id\":\"https:\/\/neosolars.net\/#organization\",\"name\":\"NEO SOLARS CO.,LTD\",\"url\":\"https:\/\/neosolars.net\/\",\"logo\":{\"@type\":\"ImageObject\",\"inLanguage\":\"it-IT\",\"@id\":\"https:\/\/neosolars.net\/#\/schema\/logo\/image\/\",\"url\":\"https:\/\/neosolars.net\/wp-content\/uploads\/2023\/06\/NEO-solar-LOGO.png\",\"contentUrl\":\"https:\/\/neosolars.net\/wp-content\/uploads\/2023\/06\/NEO-solar-LOGO.png\",\"width\":300,\"height\":300,\"caption\":\"NEO SOLARS CO.,LTD\"},\"image\":{\"@id\":\"https:\/\/neosolars.net\/#\/schema\/logo\/image\/\"},\"sameAs\":[\"https:\/\/facebook.com\/neosolars\",\"https:\/\/www.linkedin.com\/company\/neosolars\/\"]},{\"@type\":\"Person\",\"@id\":\"https:\/\/neosolars.net\/#\/schema\/person\/013f8dd0c7b717a6f8478f385605a73e\",\"name\":\"neosolars\",\"image\":{\"@type\":\"ImageObject\",\"inLanguage\":\"it-IT\",\"@id\":\"https:\/\/neosolars.net\/#\/schema\/person\/image\/\",\"url\":\"https:\/\/secure.gravatar.com\/avatar\/3c89ef910feb7ddb196070c72bb9ab99d56125c9ef3f777f436edd1e7a0193b2?s=96&d=mm&r=g\",\"contentUrl\":\"https:\/\/secure.gravatar.com\/avatar\/3c89ef910feb7ddb196070c72bb9ab99d56125c9ef3f777f436edd1e7a0193b2?s=96&d=mm&r=g\",\"caption\":\"neosolars\"},\"sameAs\":[\"https:\/\/gold-seal-136290.hostingersite.com\"],\"url\":\"https:\/\/neosolars.net\/it\/author\/neosolars\/\"}]}<\/script>\n<!-- \/ Yoast SEO Premium plugin. -->","yoast_head_json":{"title":"Overseas Branch - Neo-solars produce and offer solar components like solar panels, deep cycle batteries, solar inverters and customized solar systems.","description":"Explore innovative solar energy solutions including solar panels, solar systems, and microinverters. Find the perfect sustainable solution for your home or business and embrace the power of solar energy. Learn more on our website today.","robots":{"index":"index","follow":"follow","max-snippet":"max-snippet:-1","max-image-preview":"max-image-preview:large","max-video-preview":"max-video-preview:-1"},"canonical":"http:\/\/neosolars.net\/it\/overseas-branch\/","og_locale":"it_IT","og_type":"article","og_title":"Overseas Branch","og_description":"Explore innovative solar energy solutions including solar panels, solar systems, and microinverters. Find the perfect sustainable solution for your home or business and embrace the power of solar energy. Learn more on our website today.","og_url":"http:\/\/neosolars.net\/it\/overseas-branch\/","og_site_name":"Neo-solars produce and offer solar components like solar panels, deep cycle batteries, solar inverters and customized solar systems.","article_publisher":"https:\/\/facebook.com\/neosolars","article_modified_time":"2023-06-27T16:35:44+00:00","og_image":[{"width":500,"height":300,"url":"https:\/\/neosolars.net\/wp-content\/uploads\/2023\/06\/NEO-solar-LOGO-2.png","type":"image\/png"}],"twitter_card":"summary_large_image","twitter_misc":{"Tempo di lettura stimato":"2 minuti"},"schema":{"@context":"https:\/\/schema.org","@graph":[{"@type":"NewsArticle","@id":"http:\/\/neosolars.net\/overseas-branch\/#article","isPartOf":{"@id":"http:\/\/neosolars.net\/overseas-branch\/"},"author":{"name":"neosolars","@id":"https:\/\/neosolars.net\/#\/schema\/person\/013f8dd0c7b717a6f8478f385605a73e"},"headline":"Overseas Branch","datePublished":"2023-06-27T10:28:37+00:00","dateModified":"2023-06-27T16:35:44+00:00","mainEntityOfPage":{"@id":"http:\/\/neosolars.net\/overseas-branch\/"},"wordCount":127,"publisher":{"@id":"https:\/\/neosolars.net\/#organization"},"inLanguage":"it-IT"},{"@type":"WebPage","@id":"http:\/\/neosolars.net\/overseas-branch\/","url":"http:\/\/neosolars.net\/overseas-branch\/","name":"Overseas Branch - Neo-solars produce and offer solar components like solar panels, deep cycle batteries, solar inverters and customized solar systems.","isPartOf":{"@id":"https:\/\/neosolars.net\/#website"},"datePublished":"2023-06-27T10:28:37+00:00","dateModified":"2023-06-27T16:35:44+00:00","description":"Explore innovative solar energy solutions including solar panels, solar systems, and microinverters. Find the perfect sustainable solution for your home or business and embrace the power of solar energy. Learn more on our website today.","breadcrumb":{"@id":"http:\/\/neosolars.net\/overseas-branch\/#breadcrumb"},"inLanguage":"it-IT","potentialAction":[{"@type":"ReadAction","target":["http:\/\/neosolars.net\/overseas-branch\/"]}]},{"@type":"BreadcrumbList","@id":"http:\/\/neosolars.net\/overseas-branch\/#breadcrumb","itemListElement":[{"@type":"ListItem","position":1,"name":"Home","item":"https:\/\/neosolars.net\/"},{"@type":"ListItem","position":2,"name":"Overseas Branch"}]},{"@type":"WebSite","@id":"https:\/\/neosolars.net\/#website","url":"https:\/\/neosolars.net\/","name":"NEO SOLARS CO.,LTD","description":"Neo-solars produce and offer solar components like solar panels, deep cycle batteries, solar inverters and customized solar systems.","publisher":{"@id":"https:\/\/neosolars.net\/#organization"},"potentialAction":[{"@type":"SearchAction","target":{"@type":"EntryPoint","urlTemplate":"https:\/\/neosolars.net\/?s={search_term_string}"},"query-input":"required name=search_term_string"}],"inLanguage":"it-IT"},{"@type":"Organization","@id":"https:\/\/neosolars.net\/#organization","name":"NEO SOLARS CO.,LTD","url":"https:\/\/neosolars.net\/","logo":{"@type":"ImageObject","inLanguage":"it-IT","@id":"https:\/\/neosolars.net\/#\/schema\/logo\/image\/","url":"https:\/\/neosolars.net\/wp-content\/uploads\/2023\/06\/NEO-solar-LOGO.png","contentUrl":"https:\/\/neosolars.net\/wp-content\/uploads\/2023\/06\/NEO-solar-LOGO.png","width":300,"height":300,"caption":"NEO SOLARS CO.,LTD"},"image":{"@id":"https:\/\/neosolars.net\/#\/schema\/logo\/image\/"},"sameAs":["https:\/\/facebook.com\/neosolars","https:\/\/www.linkedin.com\/company\/neosolars\/"]},{"@type":"Person","@id":"https:\/\/neosolars.net\/#\/schema\/person\/013f8dd0c7b717a6f8478f385605a73e","name":"neosolars","image":{"@type":"ImageObject","inLanguage":"it-IT","@id":"https:\/\/neosolars.net\/#\/schema\/person\/image\/","url":"https:\/\/secure.gravatar.com\/avatar\/3c89ef910feb7ddb196070c72bb9ab99d56125c9ef3f777f436edd1e7a0193b2?s=96&d=mm&r=g","contentUrl":"https:\/\/secure.gravatar.com\/avatar\/3c89ef910feb7ddb196070c72bb9ab99d56125c9ef3f777f436edd1e7a0193b2?s=96&d=mm&r=g","caption":"neosolars"},"sameAs":["https:\/\/gold-seal-136290.hostingersite.com"],"url":"https:\/\/neosolars.net\/it\/author\/neosolars\/"}]}},"_links":{"self":[{"href":"https:\/\/neosolars.net\/it\/wp-json\/wp\/v2\/pages\/8762","targetHints":{"allow":["GET"]}}],"collection":[{"href":"https:\/\/neosolars.net\/it\/wp-json\/wp\/v2\/pages"}],"about":[{"href":"https:\/\/neosolars.net\/it\/wp-json\/wp\/v2\/types\/page"}],"author":[{"embeddable":true,"href":"https:\/\/neosolars.net\/it\/wp-json\/wp\/v2\/users\/1"}],"replies":[{"embeddable":true,"href":"https:\/\/neosolars.net\/it\/wp-json\/wp\/v2\/comments?post=8762"}],"version-history":[{"count":0,"href":"https:\/\/neosolars.net\/it\/wp-json\/wp\/v2\/pages\/8762\/revisions"}],"wp:attachment":[{"href":"https:\/\/neosolars.net\/it\/wp-json\/wp\/v2\/media?parent=8762"}],"curies":[{"name":"wp","href":"https:\/\/api.w.org\/{rel}","templated":true}]}}