{"id":9224,"date":"2023-08-09T07:40:54","date_gmt":"2023-08-09T07:40:54","guid":{"rendered":"https:\/\/gold-seal-136290.hostingersite.com\/?post_type=product&#038;p=9224"},"modified":"2023-08-09T07:41:16","modified_gmt":"2023-08-09T07:41:16","slug":"wall-mounted-battery","status":"publish","type":"product","link":"https:\/\/neosolars.net\/es\/producto\/wall-mounted-battery\/","title":{"rendered":"bater\u00eda montada en la pared"},"content":{"rendered":"<p><strong>\u00a0 \u00a0 \u00a0 \u00a0 \u00a0 \u00a0 \u00a0 \u00a0 \u00a0 \u00a0 \u00a0 \u00a0 \u00a0 \u00a0 \u00a0 \u00a0 bater\u00eda montada en la pared con pantalla t\u00e1ctil LCD<\/strong><\/p>\n<p>El nuevo producto es la primera celda solar de litio del mundo con pantalla t\u00e1ctil LCD de POWER para satisfacer las necesidades cambiantes de mercados complejos y es compatible con varias marcas de inversores como Growatt, SMA y Victron. Dise\u00f1o \u00fanico de pantalla t\u00e1ctil LCD f\u00e1cil de usar y sistema de monitoreo inteligente l\u00edder en la industria, la bater\u00eda solar de litio es su primera opci\u00f3n para el sistema de almacenamiento de energ\u00eda.<\/p>\n<p><strong>Nuevo dise\u00f1o, m\u00e1s opciones de personalizaci\u00f3n.<\/strong>\u00a0El modelo normal de 4,8kWh es muy popular entre nuestros clientes y se puede personalizar con 2,4kWh, 7,2kWh y 9,6kWh.<\/p>\n<p><img data-dominant-color=\"dde3e3\" data-has-transparency=\"true\" style=\"--dominant-color: #dde3e3;\" fetchpriority=\"high\" decoding=\"async\" class=\"has-transparency aligncenter size-full wp-image-9229\" src=\"http:\/\/neosolars.net\/wp-content\/uploads\/2023\/08\/a2190fe6c15e9bdfaf705a599e28d37.png\" alt=\"\" width=\"790\" height=\"632\" srcset=\"https:\/\/neosolars.net\/wp-content\/uploads\/2023\/08\/a2190fe6c15e9bdfaf705a599e28d37.png 790w, https:\/\/neosolars.net\/wp-content\/uploads\/2023\/08\/a2190fe6c15e9bdfaf705a599e28d37-300x240.png 300w, https:\/\/neosolars.net\/wp-content\/uploads\/2023\/08\/a2190fe6c15e9bdfaf705a599e28d37-768x614.png 768w, https:\/\/neosolars.net\/wp-content\/uploads\/2023\/08\/a2190fe6c15e9bdfaf705a599e28d37-15x12.png 15w, https:\/\/neosolars.net\/wp-content\/uploads\/2023\/08\/a2190fe6c15e9bdfaf705a599e28d37-600x480.png 600w\" sizes=\"(max-width: 790px) 100vw, 790px\" \/><\/p>\n<p>&nbsp;<\/p>\n<p><img data-dominant-color=\"a6a19d\" data-has-transparency=\"false\" style=\"--dominant-color: #a6a19d;\" decoding=\"async\" class=\"not-transparent aligncenter size-full wp-image-9232\" src=\"http:\/\/neosolars.net\/wp-content\/uploads\/2023\/08\/9c39538b574127dba4f7d1399956f42-jpg.webp\" alt=\"\" width=\"1080\" height=\"892\" srcset=\"https:\/\/neosolars.net\/wp-content\/uploads\/2023\/08\/9c39538b574127dba4f7d1399956f42-jpg.webp 1080w, https:\/\/neosolars.net\/wp-content\/uploads\/2023\/08\/9c39538b574127dba4f7d1399956f42-300x248.webp 300w, https:\/\/neosolars.net\/wp-content\/uploads\/2023\/08\/9c39538b574127dba4f7d1399956f42-1024x846.webp 1024w, https:\/\/neosolars.net\/wp-content\/uploads\/2023\/08\/9c39538b574127dba4f7d1399956f42-768x634.webp 768w, https:\/\/neosolars.net\/wp-content\/uploads\/2023\/08\/9c39538b574127dba4f7d1399956f42-15x12.webp 15w, https:\/\/neosolars.net\/wp-content\/uploads\/2023\/08\/9c39538b574127dba4f7d1399956f42-600x496.webp 600w\" sizes=\"(max-width: 1080px) 100vw, 1080px\" \/><\/p>","protected":false},"excerpt":{"rendered":"<p>\u00a0 \u00a0 \u00a0 \u00a0 \u00a0 \u00a0 \u00a0 \u00a0 \u00a0 \u00a0 \u00a0 \u00a0 \u00a0 \u00a0 \u00a0 \u00a0 La bater\u00eda de pared con pantalla t\u00e1ctil LCD es el primer producto de POWER que cuenta con celdas solares de litio con pantalla t\u00e1ctil LCD y est\u00e1 dise\u00f1ada para satisfacer las necesidades cambiantes de los mercados complejos y es compatible con varias marcas de inversores como\u2026<\/p>\n<p class=\"read-more\"> <a class=\"\" href=\"https:\/\/neosolars.net\/es\/producto\/wall-mounted-battery\/\"> <span class=\"screen-reader-text\">bater\u00eda montada en la pared<\/span> Leer m\u00e1s \u00bb<\/a><\/p>","protected":false},"featured_media":9235,"template":"","meta":{"site-sidebar-layout":"default","site-content-layout":"default","ast-global-header-display":"","ast-banner-title-visibility":"","ast-main-header-display":"","ast-hfb-above-header-display":"","ast-hfb-below-header-display":"","ast-hfb-mobile-header-display":"","site-post-title":"","ast-breadcrumbs-content":"","ast-featured-img":"","footer-sml-layout":"","theme-transparent-header-meta":"default","adv-header-id-meta":"","stick-header-meta":"","header-above-stick-meta":"","header-main-stick-meta":"","header-below-stick-meta":""},"product_brand":[],"product_cat":[22],"product_tag":[37],"class_list":{"0":"post-9224","1":"product","2":"type-product","3":"status-publish","4":"has-post-thumbnail","6":"product_cat-battery","7":"product_tag-wall-mounted-battery","8":"desktop-align-left","9":"tablet-align-left","10":"mobile-align-left","12":"first","13":"instock","14":"shipping-taxable","15":"product-type-simple"},"yoast_head":"<!-- This site is optimized with the Yoast SEO Premium plugin v20.11 (Yoast SEO v22.7) - https:\/\/yoast.com\/wordpress\/plugins\/seo\/ -->\n<title>wall mounted battery - Neo-solars produce and offer solar components like solar panels, deep cycle batteries, solar inverters and customized solar systems.<\/title>\n<meta name=\"description\" content=\"Explore innovative solar energy solutions including solar panels, solar systems, and microinverters. Find the perfect sustainable solution for your home or business and embrace the power of solar energy. Learn more on our website today.\" \/>\n<meta name=\"robots\" content=\"index, follow, max-snippet:-1, max-image-preview:large, max-video-preview:-1\" \/>\n<link rel=\"canonical\" href=\"http:\/\/neosolars.net\/es\/producto\/wall-mounted-battery\/\" \/>\n<meta property=\"og:locale\" content=\"es_ES\" \/>\n<meta property=\"og:type\" content=\"article\" \/>\n<meta property=\"og:title\" content=\"wall mounted battery\" \/>\n<meta property=\"og:description\" content=\"Explore innovative solar energy solutions including solar panels, solar systems, and microinverters. Find the perfect sustainable solution for your home or business and embrace the power of solar energy. Learn more on our website today.\" \/>\n<meta property=\"og:url\" content=\"http:\/\/neosolars.net\/es\/producto\/wall-mounted-battery\/\" \/>\n<meta property=\"og:site_name\" content=\"Neo-solars produce and offer solar components like solar panels, deep cycle batteries, solar inverters and customized solar systems.\" \/>\n<meta property=\"article:publisher\" content=\"https:\/\/facebook.com\/neosolars\" \/>\n<meta property=\"article:modified_time\" content=\"2023-08-09T07:41:16+00:00\" \/>\n<meta property=\"og:image\" content=\"http:\/\/neosolars.net\/wp-content\/uploads\/2023\/08\/cbcdfb331b8ee2394105b801e83158f-1-jpg.webp\" \/>\n\t<meta property=\"og:image:width\" content=\"1024\" \/>\n\t<meta property=\"og:image:height\" content=\"1024\" \/>\n\t<meta property=\"og:image:type\" content=\"image\/jpeg\" \/>\n<meta name=\"twitter:card\" content=\"summary_large_image\" \/>\n<meta name=\"twitter:label1\" content=\"Tiempo de lectura\" \/>\n\t<meta name=\"twitter:data1\" content=\"1 minuto\" \/>\n<script type=\"application\/ld+json\" class=\"yoast-schema-graph\">{\"@context\":\"https:\/\/schema.org\",\"@graph\":[{\"@type\":\"WebPage\",\"@id\":\"http:\/\/neosolars.net\/product\/wall-mounted-battery\/\",\"url\":\"http:\/\/neosolars.net\/product\/wall-mounted-battery\/\",\"name\":\"wall mounted battery - Neo-solars produce and offer solar components like solar panels, deep cycle batteries, solar inverters and customized solar systems.\",\"isPartOf\":{\"@id\":\"https:\/\/neosolars.net\/#website\"},\"primaryImageOfPage\":{\"@id\":\"http:\/\/neosolars.net\/product\/wall-mounted-battery\/#primaryimage\"},\"image\":{\"@id\":\"http:\/\/neosolars.net\/product\/wall-mounted-battery\/#primaryimage\"},\"thumbnailUrl\":\"https:\/\/neosolars.net\/wp-content\/uploads\/2023\/08\/cbcdfb331b8ee2394105b801e83158f-1-jpg.webp\",\"datePublished\":\"2023-08-09T07:40:54+00:00\",\"dateModified\":\"2023-08-09T07:41:16+00:00\",\"description\":\"Explore innovative solar energy solutions including solar panels, solar systems, and microinverters. Find the perfect sustainable solution for your home or business and embrace the power of solar energy. Learn more on our website today.\",\"breadcrumb\":{\"@id\":\"http:\/\/neosolars.net\/product\/wall-mounted-battery\/#breadcrumb\"},\"inLanguage\":\"es\",\"potentialAction\":[{\"@type\":\"ReadAction\",\"target\":[\"http:\/\/neosolars.net\/product\/wall-mounted-battery\/\"]}]},{\"@type\":\"ImageObject\",\"inLanguage\":\"es\",\"@id\":\"http:\/\/neosolars.net\/product\/wall-mounted-battery\/#primaryimage\",\"url\":\"https:\/\/neosolars.net\/wp-content\/uploads\/2023\/08\/cbcdfb331b8ee2394105b801e83158f-1-jpg.webp\",\"contentUrl\":\"https:\/\/neosolars.net\/wp-content\/uploads\/2023\/08\/cbcdfb331b8ee2394105b801e83158f-1-jpg.webp\",\"width\":1024,\"height\":1024},{\"@type\":\"BreadcrumbList\",\"@id\":\"http:\/\/neosolars.net\/product\/wall-mounted-battery\/#breadcrumb\",\"itemListElement\":[{\"@type\":\"ListItem\",\"position\":1,\"name\":\"Home\",\"item\":\"https:\/\/neosolars.net\/\"},{\"@type\":\"ListItem\",\"position\":2,\"name\":\"Products\",\"item\":\"https:\/\/neosolars.net\/it\/products\/\"},{\"@type\":\"ListItem\",\"position\":3,\"name\":\"wall mounted battery\"}]},{\"@type\":\"WebSite\",\"@id\":\"https:\/\/neosolars.net\/#website\",\"url\":\"https:\/\/neosolars.net\/\",\"name\":\"NEO SOLARS CO.,LTD\",\"description\":\"Neo-solars produce and offer solar components like solar panels, deep cycle batteries, solar inverters and customized solar systems.\",\"publisher\":{\"@id\":\"https:\/\/neosolars.net\/#organization\"},\"potentialAction\":[{\"@type\":\"SearchAction\",\"target\":{\"@type\":\"EntryPoint\",\"urlTemplate\":\"https:\/\/neosolars.net\/?s={search_term_string}\"},\"query-input\":\"required name=search_term_string\"}],\"inLanguage\":\"es\"},{\"@type\":\"Organization\",\"@id\":\"https:\/\/neosolars.net\/#organization\",\"name\":\"NEO SOLARS CO.,LTD\",\"url\":\"https:\/\/neosolars.net\/\",\"logo\":{\"@type\":\"ImageObject\",\"inLanguage\":\"es\",\"@id\":\"https:\/\/neosolars.net\/#\/schema\/logo\/image\/\",\"url\":\"https:\/\/neosolars.net\/wp-content\/uploads\/2023\/06\/NEO-solar-LOGO.png\",\"contentUrl\":\"https:\/\/neosolars.net\/wp-content\/uploads\/2023\/06\/NEO-solar-LOGO.png\",\"width\":300,\"height\":300,\"caption\":\"NEO SOLARS CO.,LTD\"},\"image\":{\"@id\":\"https:\/\/neosolars.net\/#\/schema\/logo\/image\/\"},\"sameAs\":[\"https:\/\/facebook.com\/neosolars\",\"https:\/\/www.linkedin.com\/company\/neosolars\/\"]}]}<\/script>\n<!-- \/ Yoast SEO Premium plugin. -->","yoast_head_json":{"title":"wall mounted battery - Neo-solars produce and offer solar components like solar panels, deep cycle batteries, solar inverters and customized solar systems.","description":"Explore innovative solar energy solutions including solar panels, solar systems, and microinverters. Find the perfect sustainable solution for your home or business and embrace the power of solar energy. Learn more on our website today.","robots":{"index":"index","follow":"follow","max-snippet":"max-snippet:-1","max-image-preview":"max-image-preview:large","max-video-preview":"max-video-preview:-1"},"canonical":"http:\/\/neosolars.net\/es\/producto\/wall-mounted-battery\/","og_locale":"es_ES","og_type":"article","og_title":"wall mounted battery","og_description":"Explore innovative solar energy solutions including solar panels, solar systems, and microinverters. Find the perfect sustainable solution for your home or business and embrace the power of solar energy. Learn more on our website today.","og_url":"http:\/\/neosolars.net\/es\/producto\/wall-mounted-battery\/","og_site_name":"Neo-solars produce and offer solar components like solar panels, deep cycle batteries, solar inverters and customized solar systems.","article_publisher":"https:\/\/facebook.com\/neosolars","article_modified_time":"2023-08-09T07:41:16+00:00","og_image":[{"width":1024,"height":1024,"url":"http:\/\/neosolars.net\/wp-content\/uploads\/2023\/08\/cbcdfb331b8ee2394105b801e83158f-1-jpg.webp","type":"image\/jpeg"}],"twitter_card":"summary_large_image","twitter_misc":{"Tiempo de lectura":"1 minuto"},"schema":{"@context":"https:\/\/schema.org","@graph":[{"@type":"WebPage","@id":"http:\/\/neosolars.net\/product\/wall-mounted-battery\/","url":"http:\/\/neosolars.net\/product\/wall-mounted-battery\/","name":"wall mounted battery - Neo-solars produce and offer solar components like solar panels, deep cycle batteries, solar inverters and customized solar systems.","isPartOf":{"@id":"https:\/\/neosolars.net\/#website"},"primaryImageOfPage":{"@id":"http:\/\/neosolars.net\/product\/wall-mounted-battery\/#primaryimage"},"image":{"@id":"http:\/\/neosolars.net\/product\/wall-mounted-battery\/#primaryimage"},"thumbnailUrl":"https:\/\/neosolars.net\/wp-content\/uploads\/2023\/08\/cbcdfb331b8ee2394105b801e83158f-1-jpg.webp","datePublished":"2023-08-09T07:40:54+00:00","dateModified":"2023-08-09T07:41:16+00:00","description":"Explore innovative solar energy solutions including solar panels, solar systems, and microinverters. Find the perfect sustainable solution for your home or business and embrace the power of solar energy. Learn more on our website today.","breadcrumb":{"@id":"http:\/\/neosolars.net\/product\/wall-mounted-battery\/#breadcrumb"},"inLanguage":"es","potentialAction":[{"@type":"ReadAction","target":["http:\/\/neosolars.net\/product\/wall-mounted-battery\/"]}]},{"@type":"ImageObject","inLanguage":"es","@id":"http:\/\/neosolars.net\/product\/wall-mounted-battery\/#primaryimage","url":"https:\/\/neosolars.net\/wp-content\/uploads\/2023\/08\/cbcdfb331b8ee2394105b801e83158f-1-jpg.webp","contentUrl":"https:\/\/neosolars.net\/wp-content\/uploads\/2023\/08\/cbcdfb331b8ee2394105b801e83158f-1-jpg.webp","width":1024,"height":1024},{"@type":"BreadcrumbList","@id":"http:\/\/neosolars.net\/product\/wall-mounted-battery\/#breadcrumb","itemListElement":[{"@type":"ListItem","position":1,"name":"Home","item":"https:\/\/neosolars.net\/"},{"@type":"ListItem","position":2,"name":"Products","item":"https:\/\/neosolars.net\/it\/products\/"},{"@type":"ListItem","position":3,"name":"wall mounted battery"}]},{"@type":"WebSite","@id":"https:\/\/neosolars.net\/#website","url":"https:\/\/neosolars.net\/","name":"NEO SOLARS CO.,LTD","description":"Neo-solars produce and offer solar components like solar panels, deep cycle batteries, solar inverters and customized solar systems.","publisher":{"@id":"https:\/\/neosolars.net\/#organization"},"potentialAction":[{"@type":"SearchAction","target":{"@type":"EntryPoint","urlTemplate":"https:\/\/neosolars.net\/?s={search_term_string}"},"query-input":"required name=search_term_string"}],"inLanguage":"es"},{"@type":"Organization","@id":"https:\/\/neosolars.net\/#organization","name":"NEO SOLARS CO.,LTD","url":"https:\/\/neosolars.net\/","logo":{"@type":"ImageObject","inLanguage":"es","@id":"https:\/\/neosolars.net\/#\/schema\/logo\/image\/","url":"https:\/\/neosolars.net\/wp-content\/uploads\/2023\/06\/NEO-solar-LOGO.png","contentUrl":"https:\/\/neosolars.net\/wp-content\/uploads\/2023\/06\/NEO-solar-LOGO.png","width":300,"height":300,"caption":"NEO SOLARS CO.,LTD"},"image":{"@id":"https:\/\/neosolars.net\/#\/schema\/logo\/image\/"},"sameAs":["https:\/\/facebook.com\/neosolars","https:\/\/www.linkedin.com\/company\/neosolars\/"]}]}},"_links":{"self":[{"href":"https:\/\/neosolars.net\/es\/wp-json\/wp\/v2\/product\/9224","targetHints":{"allow":["GET"]}}],"collection":[{"href":"https:\/\/neosolars.net\/es\/wp-json\/wp\/v2\/product"}],"about":[{"href":"https:\/\/neosolars.net\/es\/wp-json\/wp\/v2\/types\/product"}],"wp:featuredmedia":[{"embeddable":true,"href":"https:\/\/neosolars.net\/es\/wp-json\/wp\/v2\/media\/9235"}],"wp:attachment":[{"href":"https:\/\/neosolars.net\/es\/wp-json\/wp\/v2\/media?parent=9224"}],"wp:term":[{"taxonomy":"product_brand","embeddable":true,"href":"https:\/\/neosolars.net\/es\/wp-json\/wp\/v2\/product_brand?post=9224"},{"taxonomy":"product_cat","embeddable":true,"href":"https:\/\/neosolars.net\/es\/wp-json\/wp\/v2\/product_cat?post=9224"},{"taxonomy":"product_tag","embeddable":true,"href":"https:\/\/neosolars.net\/es\/wp-json\/wp\/v2\/product_tag?post=9224"}],"curies":[{"name":"wp","href":"https:\/\/api.w.org\/{rel}","templated":true}]}}